{"id":889,"date":"2025-01-15T15:02:56","date_gmt":"2025-01-15T15:02:56","guid":{"rendered":"https:\/\/hiurestaurant.com\/menus\/"},"modified":"2026-02-05T12:30:48","modified_gmt":"2026-02-05T12:30:48","slug":"menus","status":"publish","type":"page","link":"https:\/\/hiurestaurant.com\/ca\/menus\/","title":{"rendered":"Men\u00fa HIU"},"content":{"rendered":"\t\t<div data-elementor-type=\"wp-page\" data-elementor-id=\"889\" class=\"elementor elementor-889 elementor-512\" data-elementor-post-type=\"page\">\n\t\t\t\t<div class=\"elementor-element elementor-element-5f27d6f e-flex e-con-boxed e-con e-parent\" data-id=\"5f27d6f\" data-element_type=\"container\" data-settings=\"{&quot;background_background&quot;:&quot;classic&quot;}\">\n\t\t\t\t\t<div class=\"e-con-inner\">\n\t\t\t\t<div class=\"elementor-element elementor-element-ace5153 elementor-invisible elementor-widget elementor-widget-heading\" data-id=\"ace5153\" data-element_type=\"widget\" data-settings=\"{&quot;_animation&quot;:&quot;fadeIn&quot;}\" data-widget_type=\"heading.default\">\n\t\t\t\t<div class=\"elementor-widget-container\">\n\t\t\t\t\t<h2 class=\"elementor-heading-title elementor-size-default\">Men\u00fas<\/h2>\t\t\t\t<\/div>\n\t\t\t\t<\/div>\n\t\t\t\t\t<\/div>\n\t\t\t\t<\/div>\n\t\t<div class=\"elementor-element elementor-element-707f056 e-flex e-con-boxed e-con e-parent\" data-id=\"707f056\" data-element_type=\"container\">\n\t\t\t\t\t<div class=\"e-con-inner\">\n\t\t\t\t<div class=\"elementor-element elementor-element-7cc32f2 elementor-widget elementor-widget-menu-anchor\" data-id=\"7cc32f2\" data-element_type=\"widget\" data-widget_type=\"menu-anchor.default\">\n\t\t\t\t<div class=\"elementor-widget-container\">\n\t\t\t\t\t\t\t<div class=\"elementor-menu-anchor\" id=\"degustaci\"><\/div>\n\t\t\t\t\t\t<\/div>\n\t\t\t\t<\/div>\n\t\t\t\t\t<\/div>\n\t\t\t\t<\/div>\n\t\t<div class=\"elementor-element elementor-element-585dd8a e-flex e-con-boxed e-con e-parent\" data-id=\"585dd8a\" data-element_type=\"container\">\n\t\t\t\t\t<div class=\"e-con-inner\">\n\t\t\t\t<div class=\"elementor-element elementor-element-130bd1d elementor-widget elementor-widget-heading\" data-id=\"130bd1d\" data-element_type=\"widget\" data-widget_type=\"heading.default\">\n\t\t\t\t<div class=\"elementor-widget-container\">\n\t\t\t\t\t<h2 class=\"elementor-heading-title elementor-size-default\">Men\u00fa Degustaci\u00f3<\/h2>\t\t\t\t<\/div>\n\t\t\t\t<\/div>\n\t\t\t\t<div class=\"elementor-element elementor-element-654618f elementor-widget elementor-widget-text-editor\" data-id=\"654618f\" data-element_type=\"widget\" data-widget_type=\"text-editor.default\">\n\t\t\t\t<div class=\"elementor-widget-container\">\n\t\t\t\t\t\t\t\t\t<p>Croqueta de pollastre satay \u2013 Consom\u00e9 Tom Kha Kai<\/p><p><br><\/p>\n<p>Tartaleta de cranc i llobarro amb curri verd, algues i caviar \u2013 Bunyol Koji<\/p><p><br><\/p>\n<p>Moll kinilaw curat amb envinagrats LYO<\/p><p><br><\/p>\n<p>Katsu-kokotxa de bacall\u00e0 amb emulsi\u00f3 de xili vermell fermentat<\/p>\n<p><br><\/p>\n<p>Imo mochi de carbassa amb miso<\/p>\n<p><br><\/p>\n<p>Vieira, cap i pota \u2013 Curri vermell thai<\/p>\n<p><br><\/p>\n<p>Suquet, vel de calamar i gamba blanca<\/p>\n<p><br><\/p>\n<p>Corvall en shio koji negre amb el seu pil-pil i els seus ous curats<\/p>\n<p><br><\/p>\n<p>Llengua de vedella massaman<\/p>\n<p><br><\/p>\n<p>Kombutxa &#8211; cogombre &#8211; poma<\/p>\n<p><br><\/p>\n<p>Caqui l\u00e0ctic<\/p>\n<p><br><\/p>\n<p>Sotabosc<\/p>\n<p><br><\/p>\n<p>Petit Four<\/p>\t\t\t\t\t\t\t\t<\/div>\n\t\t\t\t<\/div>\n\t\t\t\t<div class=\"elementor-element elementor-element-9a03e7f elementor-widget elementor-widget-text-editor\" data-id=\"9a03e7f\" data-element_type=\"widget\" data-widget_type=\"text-editor.default\">\n\t\t\t\t<div class=\"elementor-widget-container\">\n\t\t\t\t\t\t\t\t\t<p>80\u20ac<\/p>\t\t\t\t\t\t\t\t<\/div>\n\t\t\t\t<\/div>\n\t\t\t\t\t<\/div>\n\t\t\t\t<\/div>\n\t\t<div class=\"elementor-element elementor-element-60ab00d e-flex e-con-boxed e-con e-parent\" data-id=\"60ab00d\" data-element_type=\"container\">\n\t\t\t\t\t<div class=\"e-con-inner\">\n\t\t\t\t<div class=\"elementor-element elementor-element-67a443c elementor-widget elementor-widget-menu-anchor\" data-id=\"67a443c\" data-element_type=\"widget\" data-widget_type=\"menu-anchor.default\">\n\t\t\t\t<div class=\"elementor-widget-container\">\n\t\t\t\t\t\t\t<div class=\"elementor-menu-anchor\" id=\"clssic\"><\/div>\n\t\t\t\t\t\t<\/div>\n\t\t\t\t<\/div>\n\t\t\t\t\t<\/div>\n\t\t\t\t<\/div>\n\t\t<div class=\"elementor-element elementor-element-8d3999c e-flex e-con-boxed e-con e-parent\" data-id=\"8d3999c\" data-element_type=\"container\">\n\t\t\t\t\t<div class=\"e-con-inner\">\n\t\t\t\t<div class=\"elementor-element elementor-element-192805e elementor-widget elementor-widget-heading\" data-id=\"192805e\" data-element_type=\"widget\" data-widget_type=\"heading.default\">\n\t\t\t\t<div class=\"elementor-widget-container\">\n\t\t\t\t\t<h2 class=\"elementor-heading-title elementor-size-default\">Men\u00fa Cl\u00e0ssic<\/h2>\t\t\t\t<\/div>\n\t\t\t\t<\/div>\n\t\t\t\t<div class=\"elementor-element elementor-element-2ade537 elementor-widget elementor-widget-text-editor\" data-id=\"2ade537\" data-element_type=\"widget\" data-widget_type=\"text-editor.default\">\n\t\t\t\t<div class=\"elementor-widget-container\">\n\t\t\t\t\t\t\t\t\t<p>Croqueta de pollastre satay<\/p>\n<p>Bolet Eryngii i pak choi amb picada de menta i cacauet<\/p>\n<p>Kokotxas de bacall\u00e0 confitades, morro de porc i salsa verda<\/p>\n<p>Arr\u00f2s mel\u00f2s de bolets<\/p>\n<p>Corvina en suquet \u2013 curri vermell<\/p>\n<p>Xai premsat amb crema de moniato<\/p>\n<p>Torrada de Santa Teresa caramelitzada<\/p>\n<p>Petit Four<\/p>\t\t\t\t\t\t\t\t<\/div>\n\t\t\t\t<\/div>\n\t\t\t\t<div class=\"elementor-element elementor-element-9ced055 elementor-widget elementor-widget-text-editor\" data-id=\"9ced055\" data-element_type=\"widget\" data-widget_type=\"text-editor.default\">\n\t\t\t\t<div class=\"elementor-widget-container\">\n\t\t\t\t\t\t\t\t\t<p>50\u20ac<\/p>\t\t\t\t\t\t\t\t<\/div>\n\t\t\t\t<\/div>\n\t\t\t\t\t<\/div>\n\t\t\t\t<\/div>\n\t\t<div class=\"elementor-element elementor-element-fd9e57e e-flex e-con-boxed e-con e-parent\" data-id=\"fd9e57e\" data-element_type=\"container\">\n\t\t\t\t\t<div class=\"e-con-inner\">\n\t\t\t\t<div class=\"elementor-element elementor-element-55417df elementor-widget__width-initial elementor-widget elementor-widget-text-editor\" data-id=\"55417df\" data-element_type=\"widget\" data-widget_type=\"text-editor.default\">\n\t\t\t\t<div class=\"elementor-widget-container\">\n\t\t\t\t\t\t\t\t\t<p>Durant els dissabtes i diumenges, l&#8217;oferta gastron\u00f2mica es limitar\u00e0 \u00fanicament als nostres men\u00fas Cl\u00e0ssic i Degustaci\u00f3.<\/p><p><span style=\"font-size: 1rem;\">Aquest men\u00fa nom\u00e9s es servir\u00e0 a taules senceres. <\/span><\/p><p><span style=\"font-size: 1rem;\">No inclou beguda. <\/span><\/p><p><span style=\"font-size: 1rem;\">El men\u00fa est\u00e0 subjecte a canvis segons l&#8217;estacionalitat i disponibilitat del producte. <\/span><\/p><p>En cas d&#8217;al\u00b7l\u00e8rgia o intoler\u00e0ncia, es modificaran els plats.<\/p>\t\t\t\t\t\t\t\t<\/div>\n\t\t\t\t<\/div>\n\t\t\t\t\t<\/div>\n\t\t\t\t<\/div>\n\t\t\t\t<\/div>\n\t\t","protected":false},"excerpt":{"rendered":"<p>Gaudeix del nostre men\u00fa degustaci\u00f3 o del nostre men\u00fa cl\u00e0ssic al restaurant Hiu, a la ciutat de Cambrils.<\/p>\n","protected":false},"author":1,"featured_media":849,"parent":0,"menu_order":0,"comment_status":"closed","ping_status":"closed","template":"","meta":{"footnotes":""},"class_list":["post-889","page","type-page","status-publish","has-post-thumbnail","hentry"],"yoast_head":"<!-- This site is optimized with the Yoast SEO plugin v24.5 - https:\/\/yoast.com\/wordpress\/plugins\/seo\/ -->\n<title>Men\u00fa HIU Restaurant<\/title>\n<meta name=\"description\" content=\"Gaudeix del nostre men\u00fa degustaci\u00f3 o men\u00fa cl\u00e0ssic al restaurant d&#039;alta cuina Hiu, a la ciutat de Cambrils.\" \/>\n<meta name=\"robots\" content=\"index, follow, max-snippet:-1, max-image-preview:large, max-video-preview:-1\" \/>\n<link rel=\"canonical\" href=\"https:\/\/hiurestaurant.com\/ca\/menus\/\" \/>\n<meta property=\"og:locale\" content=\"ca_ES\" \/>\n<meta property=\"og:type\" content=\"article\" \/>\n<meta property=\"og:title\" content=\"Men\u00fa HIU Restaurant\" \/>\n<meta property=\"og:description\" content=\"Gaudeix del nostre men\u00fa degustaci\u00f3 o men\u00fa cl\u00e0ssic al restaurant d&#039;alta cuina Hiu, a la ciutat de Cambrils.\" \/>\n<meta property=\"og:url\" content=\"https:\/\/hiurestaurant.com\/ca\/menus\/\" \/>\n<meta property=\"og:site_name\" content=\"Hiu Restaurant\" \/>\n<meta property=\"article:modified_time\" content=\"2026-02-05T12:30:48+00:00\" \/>\n<meta property=\"og:image\" content=\"https:\/\/hiurestaurant.com\/wp-content\/uploads\/2024\/12\/HIU39-1.webp\" \/>\n\t<meta property=\"og:image:width\" content=\"2400\" \/>\n\t<meta property=\"og:image:height\" content=\"1600\" \/>\n\t<meta property=\"og:image:type\" content=\"image\/webp\" \/>\n<meta name=\"twitter:card\" content=\"summary_large_image\" \/>\n<meta name=\"twitter:label1\" content=\"Temps estimat de lectura\" \/>\n\t<meta name=\"twitter:data1\" content=\"1 minut\" \/>\n<script type=\"application\/ld+json\" class=\"yoast-schema-graph\">{\"@context\":\"https:\/\/schema.org\",\"@graph\":[{\"@type\":\"WebPage\",\"@id\":\"https:\/\/hiurestaurant.com\/ca\/menus\/\",\"url\":\"https:\/\/hiurestaurant.com\/ca\/menus\/\",\"name\":\"Men\u00fa HIU Restaurant\",\"isPartOf\":{\"@id\":\"https:\/\/hiurestaurant.com\/ca\/#website\"},\"primaryImageOfPage\":{\"@id\":\"https:\/\/hiurestaurant.com\/ca\/menus\/#primaryimage\"},\"image\":{\"@id\":\"https:\/\/hiurestaurant.com\/ca\/menus\/#primaryimage\"},\"thumbnailUrl\":\"https:\/\/hiurestaurant.com\/wp-content\/uploads\/2024\/12\/HIU39-1.webp\",\"datePublished\":\"2025-01-15T15:02:56+00:00\",\"dateModified\":\"2026-02-05T12:30:48+00:00\",\"description\":\"Gaudeix del nostre men\u00fa degustaci\u00f3 o men\u00fa cl\u00e0ssic al restaurant d'alta cuina Hiu, a la ciutat de Cambrils.\",\"breadcrumb\":{\"@id\":\"https:\/\/hiurestaurant.com\/ca\/menus\/#breadcrumb\"},\"inLanguage\":\"ca\",\"potentialAction\":[{\"@type\":\"ReadAction\",\"target\":[\"https:\/\/hiurestaurant.com\/ca\/menus\/\"]}]},{\"@type\":\"ImageObject\",\"inLanguage\":\"ca\",\"@id\":\"https:\/\/hiurestaurant.com\/ca\/menus\/#primaryimage\",\"url\":\"https:\/\/hiurestaurant.com\/wp-content\/uploads\/2024\/12\/HIU39-1.webp\",\"contentUrl\":\"https:\/\/hiurestaurant.com\/wp-content\/uploads\/2024\/12\/HIU39-1.webp\",\"width\":2400,\"height\":1600},{\"@type\":\"BreadcrumbList\",\"@id\":\"https:\/\/hiurestaurant.com\/ca\/menus\/#breadcrumb\",\"itemListElement\":[{\"@type\":\"ListItem\",\"position\":1,\"name\":\"Portada\",\"item\":\"https:\/\/hiurestaurant.com\/ca\/\"},{\"@type\":\"ListItem\",\"position\":2,\"name\":\"Men\u00fa HIU\"}]},{\"@type\":\"WebSite\",\"@id\":\"https:\/\/hiurestaurant.com\/ca\/#website\",\"url\":\"https:\/\/hiurestaurant.com\/ca\/\",\"name\":\"Hiu Restaurant\",\"description\":\"\",\"publisher\":{\"@id\":\"https:\/\/hiurestaurant.com\/ca\/#organization\"},\"potentialAction\":[{\"@type\":\"SearchAction\",\"target\":{\"@type\":\"EntryPoint\",\"urlTemplate\":\"https:\/\/hiurestaurant.com\/ca\/?s={search_term_string}\"},\"query-input\":{\"@type\":\"PropertyValueSpecification\",\"valueRequired\":true,\"valueName\":\"search_term_string\"}}],\"inLanguage\":\"ca\"},{\"@type\":\"Organization\",\"@id\":\"https:\/\/hiurestaurant.com\/ca\/#organization\",\"name\":\"Hiu Restaurant\",\"url\":\"https:\/\/hiurestaurant.com\/ca\/\",\"logo\":{\"@type\":\"ImageObject\",\"inLanguage\":\"ca\",\"@id\":\"https:\/\/hiurestaurant.com\/ca\/#\/schema\/logo\/image\/\",\"url\":\"https:\/\/hiurestaurant.com\/wp-content\/uploads\/2024\/12\/logo_hiu_dorado.svg\",\"contentUrl\":\"https:\/\/hiurestaurant.com\/wp-content\/uploads\/2024\/12\/logo_hiu_dorado.svg\",\"width\":866,\"height\":765,\"caption\":\"Hiu Restaurant\"},\"image\":{\"@id\":\"https:\/\/hiurestaurant.com\/ca\/#\/schema\/logo\/image\/\"}}]}<\/script>\n<!-- \/ Yoast SEO plugin. -->","yoast_head_json":{"title":"Men\u00fa HIU Restaurant","description":"Gaudeix del nostre men\u00fa degustaci\u00f3 o men\u00fa cl\u00e0ssic al restaurant d'alta cuina Hiu, a la ciutat de Cambrils.","robots":{"index":"index","follow":"follow","max-snippet":"max-snippet:-1","max-image-preview":"max-image-preview:large","max-video-preview":"max-video-preview:-1"},"canonical":"https:\/\/hiurestaurant.com\/ca\/menus\/","og_locale":"ca_ES","og_type":"article","og_title":"Men\u00fa HIU Restaurant","og_description":"Gaudeix del nostre men\u00fa degustaci\u00f3 o men\u00fa cl\u00e0ssic al restaurant d'alta cuina Hiu, a la ciutat de Cambrils.","og_url":"https:\/\/hiurestaurant.com\/ca\/menus\/","og_site_name":"Hiu Restaurant","article_modified_time":"2026-02-05T12:30:48+00:00","og_image":[{"width":2400,"height":1600,"url":"https:\/\/hiurestaurant.com\/wp-content\/uploads\/2024\/12\/HIU39-1.webp","type":"image\/webp"}],"twitter_card":"summary_large_image","twitter_misc":{"Temps estimat de lectura":"1 minut"},"schema":{"@context":"https:\/\/schema.org","@graph":[{"@type":"WebPage","@id":"https:\/\/hiurestaurant.com\/ca\/menus\/","url":"https:\/\/hiurestaurant.com\/ca\/menus\/","name":"Men\u00fa HIU Restaurant","isPartOf":{"@id":"https:\/\/hiurestaurant.com\/ca\/#website"},"primaryImageOfPage":{"@id":"https:\/\/hiurestaurant.com\/ca\/menus\/#primaryimage"},"image":{"@id":"https:\/\/hiurestaurant.com\/ca\/menus\/#primaryimage"},"thumbnailUrl":"https:\/\/hiurestaurant.com\/wp-content\/uploads\/2024\/12\/HIU39-1.webp","datePublished":"2025-01-15T15:02:56+00:00","dateModified":"2026-02-05T12:30:48+00:00","description":"Gaudeix del nostre men\u00fa degustaci\u00f3 o men\u00fa cl\u00e0ssic al restaurant d'alta cuina Hiu, a la ciutat de Cambrils.","breadcrumb":{"@id":"https:\/\/hiurestaurant.com\/ca\/menus\/#breadcrumb"},"inLanguage":"ca","potentialAction":[{"@type":"ReadAction","target":["https:\/\/hiurestaurant.com\/ca\/menus\/"]}]},{"@type":"ImageObject","inLanguage":"ca","@id":"https:\/\/hiurestaurant.com\/ca\/menus\/#primaryimage","url":"https:\/\/hiurestaurant.com\/wp-content\/uploads\/2024\/12\/HIU39-1.webp","contentUrl":"https:\/\/hiurestaurant.com\/wp-content\/uploads\/2024\/12\/HIU39-1.webp","width":2400,"height":1600},{"@type":"BreadcrumbList","@id":"https:\/\/hiurestaurant.com\/ca\/menus\/#breadcrumb","itemListElement":[{"@type":"ListItem","position":1,"name":"Portada","item":"https:\/\/hiurestaurant.com\/ca\/"},{"@type":"ListItem","position":2,"name":"Men\u00fa HIU"}]},{"@type":"WebSite","@id":"https:\/\/hiurestaurant.com\/ca\/#website","url":"https:\/\/hiurestaurant.com\/ca\/","name":"Hiu Restaurant","description":"","publisher":{"@id":"https:\/\/hiurestaurant.com\/ca\/#organization"},"potentialAction":[{"@type":"SearchAction","target":{"@type":"EntryPoint","urlTemplate":"https:\/\/hiurestaurant.com\/ca\/?s={search_term_string}"},"query-input":{"@type":"PropertyValueSpecification","valueRequired":true,"valueName":"search_term_string"}}],"inLanguage":"ca"},{"@type":"Organization","@id":"https:\/\/hiurestaurant.com\/ca\/#organization","name":"Hiu Restaurant","url":"https:\/\/hiurestaurant.com\/ca\/","logo":{"@type":"ImageObject","inLanguage":"ca","@id":"https:\/\/hiurestaurant.com\/ca\/#\/schema\/logo\/image\/","url":"https:\/\/hiurestaurant.com\/wp-content\/uploads\/2024\/12\/logo_hiu_dorado.svg","contentUrl":"https:\/\/hiurestaurant.com\/wp-content\/uploads\/2024\/12\/logo_hiu_dorado.svg","width":866,"height":765,"caption":"Hiu Restaurant"},"image":{"@id":"https:\/\/hiurestaurant.com\/ca\/#\/schema\/logo\/image\/"}}]}},"_links":{"self":[{"href":"https:\/\/hiurestaurant.com\/ca\/wp-json\/wp\/v2\/pages\/889","targetHints":{"allow":["GET"]}}],"collection":[{"href":"https:\/\/hiurestaurant.com\/ca\/wp-json\/wp\/v2\/pages"}],"about":[{"href":"https:\/\/hiurestaurant.com\/ca\/wp-json\/wp\/v2\/types\/page"}],"author":[{"embeddable":true,"href":"https:\/\/hiurestaurant.com\/ca\/wp-json\/wp\/v2\/users\/1"}],"replies":[{"embeddable":true,"href":"https:\/\/hiurestaurant.com\/ca\/wp-json\/wp\/v2\/comments?post=889"}],"version-history":[{"count":13,"href":"https:\/\/hiurestaurant.com\/ca\/wp-json\/wp\/v2\/pages\/889\/revisions"}],"predecessor-version":[{"id":1072,"href":"https:\/\/hiurestaurant.com\/ca\/wp-json\/wp\/v2\/pages\/889\/revisions\/1072"}],"wp:featuredmedia":[{"embeddable":true,"href":"https:\/\/hiurestaurant.com\/ca\/wp-json\/wp\/v2\/media\/849"}],"wp:attachment":[{"href":"https:\/\/hiurestaurant.com\/ca\/wp-json\/wp\/v2\/media?parent=889"}],"curies":[{"name":"wp","href":"https:\/\/api.w.org\/{rel}","templated":true}]}}